{"id":11032,"date":"2024-04-02T20:46:08","date_gmt":"2024-04-02T18:46:08","guid":{"rendered":"https:\/\/lalibertad.ca\/quoi-faire\/"},"modified":"2024-06-12T03:31:35","modified_gmt":"2024-06-12T01:31:35","slug":"what-to-do","status":"publish","type":"page","link":"https:\/\/lalibertad.ca\/en\/what-to-do\/","title":{"rendered":"What to do?"},"content":{"rendered":"\t\t<div data-elementor-type=\"wp-page\" data-elementor-id=\"11032\" class=\"elementor elementor-11032 elementor-9146\" data-elementor-post-type=\"page\">\n\t\t\t\t<div class=\"elementor-element elementor-element-e745f9e e-con-full e-flex e-con e-parent\" data-id=\"e745f9e\" data-element_type=\"container\" data-e-type=\"container\" data-settings=\"{&quot;background_background&quot;:&quot;classic&quot;}\">\n\t\t\t\t<div class=\"elementor-element elementor-element-c5760cf elementor-widget__width-inherit elementor-widget elementor-widget-heading\" data-id=\"c5760cf\" data-element_type=\"widget\" data-e-type=\"widget\" data-widget_type=\"heading.default\">\n\t\t\t\t<div class=\"elementor-widget-container\">\n\t\t\t\t\t<h1 class=\"elementor-heading-title elementor-size-default\">Turn your stay in <strong>staycation!<\/strong><\/h1>\t\t\t\t<\/div>\n\t\t\t\t<\/div>\n\t\t\t\t<\/div>\n\t\t<div class=\"elementor-element elementor-element-c83fba2 e-flex e-con-boxed e-con e-parent\" data-id=\"c83fba2\" data-element_type=\"container\" data-e-type=\"container\">\n\t\t\t\t\t<div class=\"e-con-inner\">\n\t\t\t\t<div class=\"elementor-element elementor-element-93121f5 elementor-widget elementor-widget-heading\" data-id=\"93121f5\" data-element_type=\"widget\" data-e-type=\"widget\" data-widget_type=\"heading.default\">\n\t\t\t\t<div class=\"elementor-widget-container\">\n\t\t\t\t\t<h2 class=\"elementor-heading-title elementor-size-default\">Our signature activities<\/h2>\t\t\t\t<\/div>\n\t\t\t\t<\/div>\n\t\t\t\t<div class=\"elementor-element elementor-element-629a6c8 elementor-posts--align-center elementor-grid-3 elementor-grid-tablet-2 elementor-grid-mobile-1 elementor-posts--thumbnail-top elementor-widget elementor-widget-posts\" data-id=\"629a6c8\" data-element_type=\"widget\" data-e-type=\"widget\" data-settings=\"{&quot;pagination_type&quot;:&quot;prev_next&quot;,&quot;classic_columns&quot;:&quot;3&quot;,&quot;classic_columns_tablet&quot;:&quot;2&quot;,&quot;classic_columns_mobile&quot;:&quot;1&quot;,&quot;classic_row_gap&quot;:{&quot;unit&quot;:&quot;px&quot;,&quot;size&quot;:35,&quot;sizes&quot;:[]},&quot;classic_row_gap_tablet&quot;:{&quot;unit&quot;:&quot;px&quot;,&quot;size&quot;:&quot;&quot;,&quot;sizes&quot;:[]},&quot;classic_row_gap_mobile&quot;:{&quot;unit&quot;:&quot;px&quot;,&quot;size&quot;:&quot;&quot;,&quot;sizes&quot;:[]}}\" data-widget_type=\"posts.classic\">\n\t\t\t\t<div class=\"elementor-widget-container\">\n\t\t\t\t\t\t\t<div class=\"elementor-posts-container elementor-posts elementor-posts--skin-classic elementor-grid\" role=\"list\">\n\t\t\t\t<article class=\"elementor-post elementor-grid-item post-11084 product type-product status-publish has-post-thumbnail product_cat-experiences first instock taxable shipping-taxable purchasable product-type-simple\" role=\"listitem\">\n\t\t\t\t<a class=\"elementor-post__thumbnail__link\" href=\"https:\/\/lalibertad.ca\/en\/produit\/quad-bike-tour\/\" tabindex=\"-1\" >\n\t\t\t<div class=\"elementor-post__thumbnail\"><img fetchpriority=\"high\" decoding=\"async\" width=\"819\" height=\"1024\" src=\"https:\/\/lalibertad.ca\/wp-content\/uploads\/2024\/04\/pexels-tony-litvyak-12915513-819x1024.jpg\" class=\"attachment-large size-large wp-image-10911\" alt=\"\" srcset=\"https:\/\/lalibertad.ca\/wp-content\/uploads\/2024\/04\/pexels-tony-litvyak-12915513-819x1024.jpg 819w, https:\/\/lalibertad.ca\/wp-content\/uploads\/2024\/04\/pexels-tony-litvyak-12915513-240x300.jpg 240w, https:\/\/lalibertad.ca\/wp-content\/uploads\/2024\/04\/pexels-tony-litvyak-12915513-768x960.jpg 768w, https:\/\/lalibertad.ca\/wp-content\/uploads\/2024\/04\/pexels-tony-litvyak-12915513-1229x1536.jpg 1229w, https:\/\/lalibertad.ca\/wp-content\/uploads\/2024\/04\/pexels-tony-litvyak-12915513-1638x2048.jpg 1638w, https:\/\/lalibertad.ca\/wp-content\/uploads\/2024\/04\/pexels-tony-litvyak-12915513-600x750.jpg 600w, https:\/\/lalibertad.ca\/wp-content\/uploads\/2024\/04\/pexels-tony-litvyak-12915513-scaled.jpg 2048w\" sizes=\"(max-width: 819px) 100vw, 819px\" \/><\/div>\n\t\t<\/a>\n\t\t\t\t<div class=\"elementor-post__text\">\n\t\t\t\t<h3 class=\"elementor-post__title\">\n\t\t\t<a href=\"https:\/\/lalibertad.ca\/en\/produit\/quad-bike-tour\/\" >\n\t\t\t\tQuad Bike Tour\t\t\t<\/a>\n\t\t<\/h3>\n\t\t\t\t<div class=\"elementor-post__excerpt\">\n\t\t\t\t\t<\/div>\n\t\t\t\t<\/div>\n\t\t\t\t<\/article>\n\t\t\t\t<article class=\"elementor-post elementor-grid-item post-11085 product type-product status-publish has-post-thumbnail product_cat-experiences  instock taxable shipping-taxable purchasable product-type-simple\" role=\"listitem\">\n\t\t\t\t<a class=\"elementor-post__thumbnail__link\" href=\"https:\/\/lalibertad.ca\/en\/produit\/le-gazebo\/\" tabindex=\"-1\" >\n\t\t\t<div class=\"elementor-post__thumbnail\"><img decoding=\"async\" width=\"1024\" height=\"768\" src=\"https:\/\/lalibertad.ca\/wp-content\/uploads\/2024\/04\/Espace-Gazebo-1024x768.jpg\" class=\"attachment-large size-large wp-image-10898\" alt=\"\" srcset=\"https:\/\/lalibertad.ca\/wp-content\/uploads\/2024\/04\/Espace-Gazebo-1024x768.jpg 1024w, https:\/\/lalibertad.ca\/wp-content\/uploads\/2024\/04\/Espace-Gazebo-300x225.jpg 300w, https:\/\/lalibertad.ca\/wp-content\/uploads\/2024\/04\/Espace-Gazebo-768x576.jpg 768w, https:\/\/lalibertad.ca\/wp-content\/uploads\/2024\/04\/Espace-Gazebo-1536x1152.jpg 1536w, https:\/\/lalibertad.ca\/wp-content\/uploads\/2024\/04\/Espace-Gazebo-2048x1536.jpg 2048w, https:\/\/lalibertad.ca\/wp-content\/uploads\/2024\/04\/Espace-Gazebo-600x450.jpg 600w\" sizes=\"(max-width: 1024px) 100vw, 1024px\" \/><\/div>\n\t\t<\/a>\n\t\t\t\t<div class=\"elementor-post__text\">\n\t\t\t\t<h3 class=\"elementor-post__title\">\n\t\t\t<a href=\"https:\/\/lalibertad.ca\/en\/produit\/le-gazebo\/\" >\n\t\t\t\tThe Gazebo\t\t\t<\/a>\n\t\t<\/h3>\n\t\t\t\t<div class=\"elementor-post__excerpt\">\n\t\t\t\t\t<\/div>\n\t\t\t\t<\/div>\n\t\t\t\t<\/article>\n\t\t\t\t<article class=\"elementor-post elementor-grid-item post-11087 product type-product status-publish has-post-thumbnail product_cat-experiences  instock taxable shipping-taxable purchasable product-type-simple\" role=\"listitem\">\n\t\t\t\t<a class=\"elementor-post__thumbnail__link\" href=\"https:\/\/lalibertad.ca\/en\/produit\/velo-sur-la-route-verte\/\" tabindex=\"-1\" >\n\t\t\t<div class=\"elementor-post__thumbnail\"><img decoding=\"async\" width=\"1024\" height=\"683\" src=\"https:\/\/lalibertad.ca\/wp-content\/uploads\/2023\/11\/pexels-philipp-m-100582-1024x683.jpg\" class=\"attachment-large size-large wp-image-9993\" alt=\"\" srcset=\"https:\/\/lalibertad.ca\/wp-content\/uploads\/2023\/11\/pexels-philipp-m-100582-1024x683.jpg 1024w, https:\/\/lalibertad.ca\/wp-content\/uploads\/2023\/11\/pexels-philipp-m-100582-300x200.jpg 300w, https:\/\/lalibertad.ca\/wp-content\/uploads\/2023\/11\/pexels-philipp-m-100582-768x512.jpg 768w, https:\/\/lalibertad.ca\/wp-content\/uploads\/2023\/11\/pexels-philipp-m-100582-1536x1024.jpg 1536w, https:\/\/lalibertad.ca\/wp-content\/uploads\/2023\/11\/pexels-philipp-m-100582-2048x1365.jpg 2048w, https:\/\/lalibertad.ca\/wp-content\/uploads\/2023\/11\/pexels-philipp-m-100582-600x400.jpg 600w\" sizes=\"(max-width: 1024px) 100vw, 1024px\" \/><\/div>\n\t\t<\/a>\n\t\t\t\t<div class=\"elementor-post__text\">\n\t\t\t\t<h3 class=\"elementor-post__title\">\n\t\t\t<a href=\"https:\/\/lalibertad.ca\/en\/produit\/velo-sur-la-route-verte\/\" >\n\t\t\t\tCycling on La Route Verte\t\t\t<\/a>\n\t\t<\/h3>\n\t\t\t\t<div class=\"elementor-post__excerpt\">\n\t\t\t\t\t<\/div>\n\t\t\t\t<\/div>\n\t\t\t\t<\/article>\n\t\t\t\t<\/div>\n\t\t\n\t\t\t\t\t\t<\/div>\n\t\t\t\t<\/div>\n\t\t\t\t\t<\/div>\n\t\t\t\t<\/div>\n\t\t<div class=\"elementor-element elementor-element-41140e28 e-con-full e-flex e-con e-parent\" data-id=\"41140e28\" data-element_type=\"container\" data-e-type=\"container\" data-settings=\"{&quot;background_background&quot;:&quot;classic&quot;}\">\n\t\t<div class=\"elementor-element elementor-element-46cb58b0 e-con-full e-flex e-con e-child\" data-id=\"46cb58b0\" data-element_type=\"container\" data-e-type=\"container\" data-settings=\"{&quot;background_background&quot;:&quot;classic&quot;}\">\n\t\t\t\t<div class=\"elementor-element elementor-element-e47a3ed elementor-widget elementor-widget-image\" data-id=\"e47a3ed\" data-element_type=\"widget\" data-e-type=\"widget\" data-widget_type=\"image.default\">\n\t\t\t\t<div class=\"elementor-widget-container\">\n\t\t\t\t\t\t\t\t\t\t\t\t\t\t\t<img loading=\"lazy\" decoding=\"async\" width=\"800\" height=\"556\" src=\"https:\/\/lalibertad.ca\/wp-content\/uploads\/2024\/04\/logoBasquesTourisme.png\" class=\"attachment-large size-large wp-image-10905\" alt=\"\" srcset=\"https:\/\/lalibertad.ca\/wp-content\/uploads\/2024\/04\/logoBasquesTourisme.png 800w, https:\/\/lalibertad.ca\/wp-content\/uploads\/2024\/04\/logoBasquesTourisme-300x209.png 300w, https:\/\/lalibertad.ca\/wp-content\/uploads\/2024\/04\/logoBasquesTourisme-768x534.png 768w, https:\/\/lalibertad.ca\/wp-content\/uploads\/2024\/04\/logoBasquesTourisme-600x417.png 600w\" sizes=\"(max-width: 800px) 100vw, 800px\" \/>\t\t\t\t\t\t\t\t\t\t\t\t\t\t\t<\/div>\n\t\t\t\t<\/div>\n\t\t\t\t<div class=\"elementor-element elementor-element-51dc1f96 elementor-align-center elementor-widget elementor-widget-button\" data-id=\"51dc1f96\" data-element_type=\"widget\" data-e-type=\"widget\" data-widget_type=\"button.default\">\n\t\t\t\t<div class=\"elementor-widget-container\">\n\t\t\t\t\t\t\t\t\t<div class=\"elementor-button-wrapper\">\n\t\t\t\t\t<a class=\"elementor-button elementor-button-link elementor-size-lg elementor-animation-grow\" href=\"https:\/\/www.tourismelesbasques.com\/attraits\/\" target=\"_blank\">\n\t\t\t\t\t\t<span class=\"elementor-button-content-wrapper\">\n\t\t\t\t\t\t<span class=\"elementor-button-icon\">\n\t\t\t\t<svg aria-hidden=\"true\" class=\"e-font-icon-svg e-fas-external-link-alt\" viewBox=\"0 0 512 512\" xmlns=\"http:\/\/www.w3.org\/2000\/svg\"><path d=\"M432,320H400a16,16,0,0,0-16,16V448H64V128H208a16,16,0,0,0,16-16V80a16,16,0,0,0-16-16H48A48,48,0,0,0,0,112V464a48,48,0,0,0,48,48H400a48,48,0,0,0,48-48V336A16,16,0,0,0,432,320ZM488,0h-128c-21.37,0-32.05,25.91-17,41l35.73,35.73L135,320.37a24,24,0,0,0,0,34L157.67,377a24,24,0,0,0,34,0L435.28,133.32,471,169c15,15,41,4.5,41-17V24A24,24,0,0,0,488,0Z\"><\/path><\/svg>\t\t\t<\/span>\n\t\t\t\t\t\t\t\t\t<span class=\"elementor-button-text\">Visit Tourisme les Basques (french)<\/span>\n\t\t\t\t\t<\/span>\n\t\t\t\t\t<\/a>\n\t\t\t\t<\/div>\n\t\t\t\t\t\t\t\t<\/div>\n\t\t\t\t<\/div>\n\t\t\t\t<\/div>\n\t\t<div class=\"elementor-element elementor-element-320be575 e-con-full e-flex e-con e-child\" data-id=\"320be575\" data-element_type=\"container\" data-e-type=\"container\" data-settings=\"{&quot;background_background&quot;:&quot;classic&quot;}\">\n\t\t\t\t<\/div>\n\t\t\t\t<\/div>\n\t\t<div class=\"elementor-element elementor-element-6efb5913 e-flex e-con-boxed e-con e-parent\" data-id=\"6efb5913\" data-element_type=\"container\" data-e-type=\"container\" data-settings=\"{&quot;background_background&quot;:&quot;classic&quot;}\">\n\t\t\t\t\t<div class=\"e-con-inner\">\n\t\t\t\t<div class=\"elementor-element elementor-element-fc9c125 elementor-widget elementor-widget-heading\" data-id=\"fc9c125\" data-element_type=\"widget\" data-e-type=\"widget\" data-widget_type=\"heading.default\">\n\t\t\t\t<div class=\"elementor-widget-container\">\n\t\t\t\t\t<h2 class=\"elementor-heading-title elementor-size-default\">EXPLORE LOCAL TRIP OFFERING*<\/h2>\t\t\t\t<\/div>\n\t\t\t\t<\/div>\n\t\t\t\t<div class=\"elementor-element elementor-element-a8738f4 elementor-absolute elementor-widget elementor-widget-text-editor\" data-id=\"a8738f4\" data-element_type=\"widget\" data-e-type=\"widget\" data-settings=\"{&quot;_position&quot;:&quot;absolute&quot;}\" data-widget_type=\"text-editor.default\">\n\t\t\t\t<div class=\"elementor-widget-container\">\n\t\t\t\t\t\t\t\t\t<div class=\"module--translations-translatedtext js-module--translations-translatedtext is-placeholder\">* Not responsible for purchases made on these links.<\/div>\t\t\t\t\t\t\t\t<\/div>\n\t\t\t\t<\/div>\n\t\t\t\t\t<\/div>\n\t\t\t\t<\/div>\n\t\t\t\t<\/div>\n\t\t","protected":false},"excerpt":{"rendered":"<p>Turn your stay in staycation! Our signature activities Visit Tourisme les Basques (french) EXPLORE LOCAL TRIP OFFERING* * Not responsible for purchases made on these links.<\/p>\n","protected":false},"author":1,"featured_media":9992,"parent":0,"menu_order":0,"comment_status":"closed","ping_status":"closed","template":"elementor_header_footer","meta":{"footnotes":""},"folder":[],"class_list":["post-11032","page","type-page","status-publish","has-post-thumbnail","hentry"],"yoast_head":"<!-- This site is optimized with the Yoast SEO plugin v27.3 - https:\/\/yoast.com\/product\/yoast-seo-wordpress\/ -->\n<title>What to do? - H\u00f4tel La Libertad \/ Studios La Marbella - Trois-Pistoles<\/title>\n<meta name=\"description\" content=\"Augmentez votre plaisir avec des activit\u00e9s comme : v\u00e9lo, kayak, randonn\u00e9e, excursion sur le fleuve, et bien plus!\" \/>\n<meta name=\"robots\" content=\"index, follow, max-snippet:-1, max-image-preview:large, max-video-preview:-1\" \/>\n<link rel=\"canonical\" href=\"https:\/\/lalibertad.ca\/quoi-faire\/\" \/>\n<meta property=\"og:locale\" content=\"en_US\" \/>\n<meta property=\"og:type\" content=\"article\" \/>\n<meta property=\"og:title\" content=\"What to do? - H\u00f4tel La Libertad \/ Studios La Marbella - Trois-Pistoles\" \/>\n<meta property=\"og:description\" content=\"Augmentez votre plaisir avec des activit\u00e9s comme : v\u00e9lo, kayak, randonn\u00e9e, excursion sur le fleuve, et bien plus!\" \/>\n<meta property=\"og:url\" content=\"https:\/\/lalibertad.ca\/quoi-faire\/\" \/>\n<meta property=\"og:site_name\" content=\"H\u00f4tel La Libertad \/ Studios La Marbella - Trois-Pistoles\" \/>\n<meta property=\"article:modified_time\" content=\"2024-06-12T01:31:35+00:00\" \/>\n<meta property=\"og:image\" content=\"https:\/\/lalibertad.ca\/wp-content\/uploads\/2023\/11\/pexels-roman-pohorecki-241044-scaled.jpg\" \/>\n\t<meta property=\"og:image:width\" content=\"2560\" \/>\n\t<meta property=\"og:image:height\" content=\"1709\" \/>\n\t<meta property=\"og:image:type\" content=\"image\/jpeg\" \/>\n<meta name=\"twitter:card\" content=\"summary_large_image\" \/>\n<meta name=\"twitter:label1\" content=\"Est. reading time\" \/>\n\t<meta name=\"twitter:data1\" content=\"1 minute\" \/>\n<script type=\"application\/ld+json\" class=\"yoast-schema-graph\">{\"@context\":\"https:\\\/\\\/schema.org\",\"@graph\":[{\"@type\":\"WebPage\",\"@id\":\"https:\\\/\\\/lalibertad.ca\\\/quoi-faire\\\/\",\"url\":\"https:\\\/\\\/lalibertad.ca\\\/quoi-faire\\\/\",\"name\":\"What to do? - H\u00f4tel La Libertad \\\/ Studios La Marbella - Trois-Pistoles\",\"isPartOf\":{\"@id\":\"https:\\\/\\\/lalibertad.ca\\\/#website\"},\"primaryImageOfPage\":{\"@id\":\"https:\\\/\\\/lalibertad.ca\\\/quoi-faire\\\/#primaryimage\"},\"image\":{\"@id\":\"https:\\\/\\\/lalibertad.ca\\\/quoi-faire\\\/#primaryimage\"},\"thumbnailUrl\":\"https:\\\/\\\/lalibertad.ca\\\/wp-content\\\/uploads\\\/2023\\\/11\\\/pexels-roman-pohorecki-241044-scaled.jpg\",\"datePublished\":\"2024-04-02T18:46:08+00:00\",\"dateModified\":\"2024-06-12T01:31:35+00:00\",\"description\":\"Augmentez votre plaisir avec des activit\u00e9s comme : v\u00e9lo, kayak, randonn\u00e9e, excursion sur le fleuve, et bien plus!\",\"breadcrumb\":{\"@id\":\"https:\\\/\\\/lalibertad.ca\\\/quoi-faire\\\/#breadcrumb\"},\"inLanguage\":\"en-US\",\"potentialAction\":[{\"@type\":\"ReadAction\",\"target\":[\"https:\\\/\\\/lalibertad.ca\\\/quoi-faire\\\/\"]}]},{\"@type\":\"ImageObject\",\"inLanguage\":\"en-US\",\"@id\":\"https:\\\/\\\/lalibertad.ca\\\/quoi-faire\\\/#primaryimage\",\"url\":\"https:\\\/\\\/lalibertad.ca\\\/wp-content\\\/uploads\\\/2023\\\/11\\\/pexels-roman-pohorecki-241044-scaled.jpg\",\"contentUrl\":\"https:\\\/\\\/lalibertad.ca\\\/wp-content\\\/uploads\\\/2023\\\/11\\\/pexels-roman-pohorecki-241044-scaled.jpg\",\"width\":2560,\"height\":1709},{\"@type\":\"BreadcrumbList\",\"@id\":\"https:\\\/\\\/lalibertad.ca\\\/quoi-faire\\\/#breadcrumb\",\"itemListElement\":[{\"@type\":\"ListItem\",\"position\":1,\"name\":\"Accueil\",\"item\":\"https:\\\/\\\/lalibertad.ca\\\/\"},{\"@type\":\"ListItem\",\"position\":2,\"name\":\"What to do?\"}]},{\"@type\":\"WebSite\",\"@id\":\"https:\\\/\\\/lalibertad.ca\\\/#website\",\"url\":\"https:\\\/\\\/lalibertad.ca\\\/\",\"name\":\"H\u00f4tel La Libertad \\\/ Studios La Marbella - Trois-Pistoles\",\"description\":\"H\u00e9bergement touristique, Trois-Pistoles\",\"potentialAction\":[{\"@type\":\"SearchAction\",\"target\":{\"@type\":\"EntryPoint\",\"urlTemplate\":\"https:\\\/\\\/lalibertad.ca\\\/?s={search_term_string}\"},\"query-input\":{\"@type\":\"PropertyValueSpecification\",\"valueRequired\":true,\"valueName\":\"search_term_string\"}}],\"inLanguage\":\"en-US\"}]}<\/script>\n<!-- \/ Yoast SEO plugin. -->","yoast_head_json":{"title":"What to do? - H\u00f4tel La Libertad \/ Studios La Marbella - Trois-Pistoles","description":"Augmentez votre plaisir avec des activit\u00e9s comme : v\u00e9lo, kayak, randonn\u00e9e, excursion sur le fleuve, et bien plus!","robots":{"index":"index","follow":"follow","max-snippet":"max-snippet:-1","max-image-preview":"max-image-preview:large","max-video-preview":"max-video-preview:-1"},"canonical":"https:\/\/lalibertad.ca\/quoi-faire\/","og_locale":"en_US","og_type":"article","og_title":"What to do? - H\u00f4tel La Libertad \/ Studios La Marbella - Trois-Pistoles","og_description":"Augmentez votre plaisir avec des activit\u00e9s comme : v\u00e9lo, kayak, randonn\u00e9e, excursion sur le fleuve, et bien plus!","og_url":"https:\/\/lalibertad.ca\/quoi-faire\/","og_site_name":"H\u00f4tel La Libertad \/ Studios La Marbella - Trois-Pistoles","article_modified_time":"2024-06-12T01:31:35+00:00","og_image":[{"width":2560,"height":1709,"url":"https:\/\/lalibertad.ca\/wp-content\/uploads\/2023\/11\/pexels-roman-pohorecki-241044-scaled.jpg","type":"image\/jpeg"}],"twitter_card":"summary_large_image","twitter_misc":{"Est. reading time":"1 minute"},"schema":{"@context":"https:\/\/schema.org","@graph":[{"@type":"WebPage","@id":"https:\/\/lalibertad.ca\/quoi-faire\/","url":"https:\/\/lalibertad.ca\/quoi-faire\/","name":"What to do? - H\u00f4tel La Libertad \/ Studios La Marbella - Trois-Pistoles","isPartOf":{"@id":"https:\/\/lalibertad.ca\/#website"},"primaryImageOfPage":{"@id":"https:\/\/lalibertad.ca\/quoi-faire\/#primaryimage"},"image":{"@id":"https:\/\/lalibertad.ca\/quoi-faire\/#primaryimage"},"thumbnailUrl":"https:\/\/lalibertad.ca\/wp-content\/uploads\/2023\/11\/pexels-roman-pohorecki-241044-scaled.jpg","datePublished":"2024-04-02T18:46:08+00:00","dateModified":"2024-06-12T01:31:35+00:00","description":"Augmentez votre plaisir avec des activit\u00e9s comme : v\u00e9lo, kayak, randonn\u00e9e, excursion sur le fleuve, et bien plus!","breadcrumb":{"@id":"https:\/\/lalibertad.ca\/quoi-faire\/#breadcrumb"},"inLanguage":"en-US","potentialAction":[{"@type":"ReadAction","target":["https:\/\/lalibertad.ca\/quoi-faire\/"]}]},{"@type":"ImageObject","inLanguage":"en-US","@id":"https:\/\/lalibertad.ca\/quoi-faire\/#primaryimage","url":"https:\/\/lalibertad.ca\/wp-content\/uploads\/2023\/11\/pexels-roman-pohorecki-241044-scaled.jpg","contentUrl":"https:\/\/lalibertad.ca\/wp-content\/uploads\/2023\/11\/pexels-roman-pohorecki-241044-scaled.jpg","width":2560,"height":1709},{"@type":"BreadcrumbList","@id":"https:\/\/lalibertad.ca\/quoi-faire\/#breadcrumb","itemListElement":[{"@type":"ListItem","position":1,"name":"Accueil","item":"https:\/\/lalibertad.ca\/"},{"@type":"ListItem","position":2,"name":"What to do?"}]},{"@type":"WebSite","@id":"https:\/\/lalibertad.ca\/#website","url":"https:\/\/lalibertad.ca\/","name":"H\u00f4tel La Libertad \/ Studios La Marbella - Trois-Pistoles","description":"H\u00e9bergement touristique, Trois-Pistoles","potentialAction":[{"@type":"SearchAction","target":{"@type":"EntryPoint","urlTemplate":"https:\/\/lalibertad.ca\/?s={search_term_string}"},"query-input":{"@type":"PropertyValueSpecification","valueRequired":true,"valueName":"search_term_string"}}],"inLanguage":"en-US"}]}},"_links":{"self":[{"href":"https:\/\/lalibertad.ca\/en\/wp-json\/wp\/v2\/pages\/11032","targetHints":{"allow":["GET"]}}],"collection":[{"href":"https:\/\/lalibertad.ca\/en\/wp-json\/wp\/v2\/pages"}],"about":[{"href":"https:\/\/lalibertad.ca\/en\/wp-json\/wp\/v2\/types\/page"}],"author":[{"embeddable":true,"href":"https:\/\/lalibertad.ca\/en\/wp-json\/wp\/v2\/users\/1"}],"replies":[{"embeddable":true,"href":"https:\/\/lalibertad.ca\/en\/wp-json\/wp\/v2\/comments?post=11032"}],"version-history":[{"count":16,"href":"https:\/\/lalibertad.ca\/en\/wp-json\/wp\/v2\/pages\/11032\/revisions"}],"predecessor-version":[{"id":11093,"href":"https:\/\/lalibertad.ca\/en\/wp-json\/wp\/v2\/pages\/11032\/revisions\/11093"}],"wp:featuredmedia":[{"embeddable":true,"href":"https:\/\/lalibertad.ca\/en\/wp-json\/wp\/v2\/media\/9992"}],"wp:attachment":[{"href":"https:\/\/lalibertad.ca\/en\/wp-json\/wp\/v2\/media?parent=11032"}],"wp:term":[{"taxonomy":"folder","embeddable":true,"href":"https:\/\/lalibertad.ca\/en\/wp-json\/wp\/v2\/folder?post=11032"}],"curies":[{"name":"wp","href":"https:\/\/api.w.org\/{rel}","templated":true}]}}